{"id":36,"date":"2025-08-08T09:44:41","date_gmt":"2025-08-08T07:44:41","guid":{"rendered":"https:\/\/waldrom.pl\/?page_id=36"},"modified":"2026-03-26T11:07:44","modified_gmt":"2026-03-26T10:07:44","slug":"dokumente","status":"publish","type":"page","link":"https:\/\/waldrom.pl\/de\/dokumente\/","title":{"rendered":"Dokumente"},"content":{"rendered":"","protected":false},"excerpt":{"rendered":"","protected":false},"author":1,"featured_media":850,"parent":0,"menu_order":0,"comment_status":"closed","ping_status":"closed","template":"","meta":{"footnotes":""},"class_list":["post-36","page","type-page","status-publish","has-post-thumbnail","hentry"],"yoast_head":"<!-- This site is optimized with the Yoast SEO Premium plugin v26.5 (Yoast SEO v26.5) - https:\/\/yoast.com\/wordpress\/plugins\/seo\/ -->\n<title>Dokumenty i Certyfikaty \u2013 WALDROM | Licencja UE, ISO 9001<\/title>\n<meta name=\"description\" content=\"Dokumenty firmy WALDROM \u2013 licencja transportowa UE, certyfikat ISO 9001, NIP, KRS, ubezpieczenie OCP. Sprawd\u017a wiarygodno\u015b\u0107 naszej firmy transportowej.\" \/>\n<meta name=\"robots\" content=\"index, follow, max-snippet:-1, max-image-preview:large, max-video-preview:-1\" \/>\n<link rel=\"canonical\" href=\"https:\/\/waldrom.pl\/de\/dokumente\/\" \/>\n<meta property=\"og:locale\" content=\"de_DE\" \/>\n<meta property=\"og:type\" content=\"article\" \/>\n<meta property=\"og:title\" content=\"Dokumenty\" \/>\n<meta property=\"og:description\" content=\"Dokumenty firmy WALDROM \u2013 licencja transportowa UE, certyfikat ISO 9001, NIP, KRS, ubezpieczenie OCP. Sprawd\u017a wiarygodno\u015b\u0107 naszej firmy transportowej.\" \/>\n<meta property=\"og:url\" content=\"https:\/\/waldrom.pl\/de\/dokumente\/\" \/>\n<meta property=\"og:site_name\" content=\"Waldrom\" \/>\n<meta property=\"article:modified_time\" content=\"2026-03-26T10:07:44+00:00\" \/>\n<meta property=\"og:image\" content=\"https:\/\/waldrom.pl\/wp-content\/uploads\/2026\/01\/dokumenty-1.jpg\" \/>\n\t<meta property=\"og:image:width\" content=\"1920\" \/>\n\t<meta property=\"og:image:height\" content=\"1187\" \/>\n\t<meta property=\"og:image:type\" content=\"image\/jpeg\" \/>\n<meta name=\"twitter:card\" content=\"summary_large_image\" \/>\n<meta name=\"twitter:label1\" content=\"Gesch\u00e4tzte Lesezeit\" \/>\n\t<meta name=\"twitter:data1\" content=\"1\u00a0Minute\" \/>\n<script type=\"application\/ld+json\" class=\"yoast-schema-graph\">{\"@context\":\"https:\/\/schema.org\",\"@graph\":[{\"@type\":\"WebPage\",\"@id\":\"https:\/\/waldrom.pl\/dokumenty\/\",\"url\":\"https:\/\/waldrom.pl\/dokumenty\/\",\"name\":\"Dokumenty i Certyfikaty \u2013 WALDROM | Licencja UE, ISO 9001\",\"isPartOf\":{\"@id\":\"https:\/\/waldrom.pl\/#website\"},\"primaryImageOfPage\":{\"@id\":\"https:\/\/waldrom.pl\/dokumenty\/#primaryimage\"},\"image\":{\"@id\":\"https:\/\/waldrom.pl\/dokumenty\/#primaryimage\"},\"thumbnailUrl\":\"https:\/\/waldrom.pl\/wp-content\/uploads\/2026\/01\/dokumenty-1.jpg\",\"datePublished\":\"2025-08-08T07:44:41+00:00\",\"dateModified\":\"2026-03-26T10:07:44+00:00\",\"description\":\"Dokumenty firmy WALDROM \u2013 licencja transportowa UE, certyfikat ISO 9001, NIP, KRS, ubezpieczenie OCP. Sprawd\u017a wiarygodno\u015b\u0107 naszej firmy transportowej.\",\"breadcrumb\":{\"@id\":\"https:\/\/waldrom.pl\/dokumenty\/#breadcrumb\"},\"inLanguage\":\"de\",\"potentialAction\":[{\"@type\":\"ReadAction\",\"target\":[\"https:\/\/waldrom.pl\/dokumenty\/\"]}]},{\"@type\":\"ImageObject\",\"inLanguage\":\"de\",\"@id\":\"https:\/\/waldrom.pl\/dokumenty\/#primaryimage\",\"url\":\"https:\/\/waldrom.pl\/wp-content\/uploads\/2026\/01\/dokumenty-1.jpg\",\"contentUrl\":\"https:\/\/waldrom.pl\/wp-content\/uploads\/2026\/01\/dokumenty-1.jpg\",\"width\":1920,\"height\":1187},{\"@type\":\"BreadcrumbList\",\"@id\":\"https:\/\/waldrom.pl\/dokumenty\/#breadcrumb\",\"itemListElement\":[{\"@type\":\"ListItem\",\"position\":1,\"name\":\"Home\",\"item\":\"https:\/\/waldrom.pl\/\"},{\"@type\":\"ListItem\",\"position\":2,\"name\":\"Dokumenty\"}]},{\"@type\":\"WebSite\",\"@id\":\"https:\/\/waldrom.pl\/#website\",\"url\":\"https:\/\/waldrom.pl\/\",\"name\":\"Waldrom\",\"description\":\"\",\"potentialAction\":[{\"@type\":\"SearchAction\",\"target\":{\"@type\":\"EntryPoint\",\"urlTemplate\":\"https:\/\/waldrom.pl\/?s={search_term_string}\"},\"query-input\":{\"@type\":\"PropertyValueSpecification\",\"valueRequired\":true,\"valueName\":\"search_term_string\"}}],\"inLanguage\":\"de\"}]}<\/script>\n<!-- \/ Yoast SEO Premium plugin. -->","yoast_head_json":{"title":"Dokumente und Zertifikate \u2013 WALDROM | EU-Lizenz, ISO 9001","description":"Dokumenty firmy WALDROM \u2013 licencja transportowa UE, certyfikat ISO 9001, NIP, KRS, ubezpieczenie OCP. Sprawd\u017a wiarygodno\u015b\u0107 naszej firmy transportowej.","robots":{"index":"index","follow":"follow","max-snippet":"max-snippet:-1","max-image-preview":"max-image-preview:large","max-video-preview":"max-video-preview:-1"},"canonical":"https:\/\/waldrom.pl\/de\/dokumente\/","og_locale":"de_DE","og_type":"article","og_title":"Dokumenty","og_description":"Dokumenty firmy WALDROM \u2013 licencja transportowa UE, certyfikat ISO 9001, NIP, KRS, ubezpieczenie OCP. Sprawd\u017a wiarygodno\u015b\u0107 naszej firmy transportowej.","og_url":"https:\/\/waldrom.pl\/de\/dokumente\/","og_site_name":"Waldrom","article_modified_time":"2026-03-26T10:07:44+00:00","og_image":[{"width":1920,"height":1187,"url":"https:\/\/waldrom.pl\/wp-content\/uploads\/2026\/01\/dokumenty-1.jpg","type":"image\/jpeg"}],"twitter_card":"summary_large_image","twitter_misc":{"Gesch\u00e4tzte Lesezeit":"1\u00a0Minute"},"schema":{"@context":"https:\/\/schema.org","@graph":[{"@type":"WebPage","@id":"https:\/\/waldrom.pl\/dokumenty\/","url":"https:\/\/waldrom.pl\/dokumenty\/","name":"Dokumente und Zertifikate \u2013 WALDROM | EU-Lizenz, ISO 9001","isPartOf":{"@id":"https:\/\/waldrom.pl\/#website"},"primaryImageOfPage":{"@id":"https:\/\/waldrom.pl\/dokumenty\/#primaryimage"},"image":{"@id":"https:\/\/waldrom.pl\/dokumenty\/#primaryimage"},"thumbnailUrl":"https:\/\/waldrom.pl\/wp-content\/uploads\/2026\/01\/dokumenty-1.jpg","datePublished":"2025-08-08T07:44:41+00:00","dateModified":"2026-03-26T10:07:44+00:00","description":"Dokumenty firmy WALDROM \u2013 licencja transportowa UE, certyfikat ISO 9001, NIP, KRS, ubezpieczenie OCP. Sprawd\u017a wiarygodno\u015b\u0107 naszej firmy transportowej.","breadcrumb":{"@id":"https:\/\/waldrom.pl\/dokumenty\/#breadcrumb"},"inLanguage":"de","potentialAction":[{"@type":"ReadAction","target":["https:\/\/waldrom.pl\/dokumenty\/"]}]},{"@type":"ImageObject","inLanguage":"de","@id":"https:\/\/waldrom.pl\/dokumenty\/#primaryimage","url":"https:\/\/waldrom.pl\/wp-content\/uploads\/2026\/01\/dokumenty-1.jpg","contentUrl":"https:\/\/waldrom.pl\/wp-content\/uploads\/2026\/01\/dokumenty-1.jpg","width":1920,"height":1187},{"@type":"BreadcrumbList","@id":"https:\/\/waldrom.pl\/dokumenty\/#breadcrumb","itemListElement":[{"@type":"ListItem","position":1,"name":"Home","item":"https:\/\/waldrom.pl\/"},{"@type":"ListItem","position":2,"name":"Dokumenty"}]},{"@type":"WebSite","@id":"https:\/\/waldrom.pl\/#website","url":"https:\/\/waldrom.pl\/","name":"Waldrom","description":"","potentialAction":[{"@type":"SearchAction","target":{"@type":"EntryPoint","urlTemplate":"https:\/\/waldrom.pl\/?s={search_term_string}"},"query-input":{"@type":"PropertyValueSpecification","valueRequired":true,"valueName":"search_term_string"}}],"inLanguage":"de"}]}},"_links":{"self":[{"href":"https:\/\/waldrom.pl\/de\/wp-json\/wp\/v2\/pages\/36","targetHints":{"allow":["GET"]}}],"collection":[{"href":"https:\/\/waldrom.pl\/de\/wp-json\/wp\/v2\/pages"}],"about":[{"href":"https:\/\/waldrom.pl\/de\/wp-json\/wp\/v2\/types\/page"}],"author":[{"embeddable":true,"href":"https:\/\/waldrom.pl\/de\/wp-json\/wp\/v2\/users\/1"}],"replies":[{"embeddable":true,"href":"https:\/\/waldrom.pl\/de\/wp-json\/wp\/v2\/comments?post=36"}],"version-history":[{"count":12,"href":"https:\/\/waldrom.pl\/de\/wp-json\/wp\/v2\/pages\/36\/revisions"}],"predecessor-version":[{"id":1144,"href":"https:\/\/waldrom.pl\/de\/wp-json\/wp\/v2\/pages\/36\/revisions\/1144"}],"wp:featuredmedia":[{"embeddable":true,"href":"https:\/\/waldrom.pl\/de\/wp-json\/wp\/v2\/media\/850"}],"wp:attachment":[{"href":"https:\/\/waldrom.pl\/de\/wp-json\/wp\/v2\/media?parent=36"}],"curies":[{"name":"wp","href":"https:\/\/api.w.org\/{rel}","templated":true}]}}