{"id":677,"date":"2026-01-04T12:00:33","date_gmt":"2026-01-04T11:00:33","guid":{"rendered":"https:\/\/waldrom.pl\/?page_id=677"},"modified":"2026-04-10T09:57:55","modified_gmt":"2026-04-10T07:57:55","slug":"dienstleistungen","status":"publish","type":"page","link":"https:\/\/waldrom.pl\/de\/dienstleistungen\/","title":{"rendered":"Leistungen"},"content":{"rendered":"","protected":false},"excerpt":{"rendered":"","protected":false},"author":1,"featured_media":407,"parent":0,"menu_order":0,"comment_status":"closed","ping_status":"closed","template":"","meta":{"footnotes":""},"class_list":["post-677","page","type-page","status-publish","has-post-thumbnail","hentry"],"yoast_head":"<!-- This site is optimized with the Yoast SEO Premium plugin v26.5 (Yoast SEO v26.5) - https:\/\/yoast.com\/wordpress\/plugins\/seo\/ -->\n<title>Transport krajowy i mi\u0119dzynarodowy FTL\/LTL \u2013 WALDROM (Mielec, Polska &amp; UE)<\/title>\n<meta name=\"description\" content=\"WALDROM: transport drogowy, spedycja, FTL\/LTL, \u0142adunki p\u0142ynne i ADR. W\u0142asny tabor: plandeki 13,6 m i cysterny L4BH. Obs\u0142uga 24\/7. Mielec, UE.\" \/>\n<meta name=\"robots\" content=\"index, follow, max-snippet:-1, max-image-preview:large, max-video-preview:-1\" \/>\n<link rel=\"canonical\" href=\"https:\/\/waldrom.pl\/de\/dienstleistungen\/\" \/>\n<meta property=\"og:locale\" content=\"de_DE\" \/>\n<meta property=\"og:type\" content=\"article\" \/>\n<meta property=\"og:title\" content=\"Oferta\" \/>\n<meta property=\"og:description\" content=\"WALDROM: transport drogowy, spedycja, FTL\/LTL, \u0142adunki p\u0142ynne i ADR. W\u0142asny tabor: plandeki 13,6 m i cysterny L4BH. Obs\u0142uga 24\/7. Mielec, UE.\" \/>\n<meta property=\"og:url\" content=\"https:\/\/waldrom.pl\/de\/dienstleistungen\/\" \/>\n<meta property=\"og:site_name\" content=\"Waldrom\" \/>\n<meta property=\"article:modified_time\" content=\"2026-04-10T07:57:55+00:00\" \/>\n<meta property=\"og:image\" content=\"https:\/\/waldrom.pl\/wp-content\/uploads\/2025\/09\/architecture-1837176_1920.jpg\" \/>\n\t<meta property=\"og:image:width\" content=\"1920\" \/>\n\t<meta property=\"og:image:height\" content=\"1439\" \/>\n\t<meta property=\"og:image:type\" content=\"image\/jpeg\" \/>\n<meta name=\"twitter:card\" content=\"summary_large_image\" \/>\n<meta name=\"twitter:label1\" content=\"Gesch\u00e4tzte Lesezeit\" \/>\n\t<meta name=\"twitter:data1\" content=\"2\u00a0Minuten\" \/>\n<script type=\"application\/ld+json\" class=\"yoast-schema-graph\">{\"@context\":\"https:\/\/schema.org\",\"@graph\":[{\"@type\":\"WebPage\",\"@id\":\"https:\/\/waldrom.pl\/oferta\/\",\"url\":\"https:\/\/waldrom.pl\/oferta\/\",\"name\":\"Transport krajowy i mi\u0119dzynarodowy FTL\/LTL \u2013 WALDROM (Mielec, Polska & UE)\",\"isPartOf\":{\"@id\":\"https:\/\/waldrom.pl\/#website\"},\"primaryImageOfPage\":{\"@id\":\"https:\/\/waldrom.pl\/oferta\/#primaryimage\"},\"image\":{\"@id\":\"https:\/\/waldrom.pl\/oferta\/#primaryimage\"},\"thumbnailUrl\":\"https:\/\/waldrom.pl\/wp-content\/uploads\/2025\/09\/architecture-1837176_1920.jpg\",\"datePublished\":\"2026-01-04T11:00:33+00:00\",\"dateModified\":\"2026-04-10T07:57:55+00:00\",\"description\":\"WALDROM: transport drogowy, spedycja, FTL\/LTL, \u0142adunki p\u0142ynne i ADR. W\u0142asny tabor: plandeki 13,6 m i cysterny L4BH. Obs\u0142uga 24\/7. Mielec, UE.\",\"breadcrumb\":{\"@id\":\"https:\/\/waldrom.pl\/oferta\/#breadcrumb\"},\"inLanguage\":\"de\",\"potentialAction\":[{\"@type\":\"ReadAction\",\"target\":[\"https:\/\/waldrom.pl\/oferta\/\"]}]},{\"@type\":\"ImageObject\",\"inLanguage\":\"de\",\"@id\":\"https:\/\/waldrom.pl\/oferta\/#primaryimage\",\"url\":\"https:\/\/waldrom.pl\/wp-content\/uploads\/2025\/09\/architecture-1837176_1920.jpg\",\"contentUrl\":\"https:\/\/waldrom.pl\/wp-content\/uploads\/2025\/09\/architecture-1837176_1920.jpg\",\"width\":1920,\"height\":1439},{\"@type\":\"BreadcrumbList\",\"@id\":\"https:\/\/waldrom.pl\/oferta\/#breadcrumb\",\"itemListElement\":[{\"@type\":\"ListItem\",\"position\":1,\"name\":\"Home\",\"item\":\"https:\/\/waldrom.pl\/\"},{\"@type\":\"ListItem\",\"position\":2,\"name\":\"Oferta\"}]},{\"@type\":\"WebSite\",\"@id\":\"https:\/\/waldrom.pl\/#website\",\"url\":\"https:\/\/waldrom.pl\/\",\"name\":\"Waldrom\",\"description\":\"\",\"potentialAction\":[{\"@type\":\"SearchAction\",\"target\":{\"@type\":\"EntryPoint\",\"urlTemplate\":\"https:\/\/waldrom.pl\/?s={search_term_string}\"},\"query-input\":{\"@type\":\"PropertyValueSpecification\",\"valueRequired\":true,\"valueName\":\"search_term_string\"}}],\"inLanguage\":\"de\"}]}<\/script>\n<!-- \/ Yoast SEO Premium plugin. -->","yoast_head_json":{"title":"Nationaler und internationaler Transport FTL\/LTL \u2013 WALDROM (Mielec, Polen &amp; EU)","description":"WALDROM: Stra\u00dfentransport, Spedition, FTL\/LTL, Fl\u00fcssig- und ADR-Ladungen. Eigener Fuhrpark: Planenauflieger 13,6 m und L4BH-Tankwagen. 24\/7 Service. Mielec, EU.","robots":{"index":"index","follow":"follow","max-snippet":"max-snippet:-1","max-image-preview":"max-image-preview:large","max-video-preview":"max-video-preview:-1"},"canonical":"https:\/\/waldrom.pl\/de\/dienstleistungen\/","og_locale":"de_DE","og_type":"article","og_title":"Oferta","og_description":"WALDROM: transport drogowy, spedycja, FTL\/LTL, \u0142adunki p\u0142ynne i ADR. W\u0142asny tabor: plandeki 13,6 m i cysterny L4BH. Obs\u0142uga 24\/7. Mielec, UE.","og_url":"https:\/\/waldrom.pl\/de\/dienstleistungen\/","og_site_name":"Waldrom","article_modified_time":"2026-04-10T07:57:55+00:00","og_image":[{"width":1920,"height":1439,"url":"https:\/\/waldrom.pl\/wp-content\/uploads\/2025\/09\/architecture-1837176_1920.jpg","type":"image\/jpeg"}],"twitter_card":"summary_large_image","twitter_misc":{"Gesch\u00e4tzte Lesezeit":"2\u00a0Minuten"},"schema":{"@context":"https:\/\/schema.org","@graph":[{"@type":"WebPage","@id":"https:\/\/waldrom.pl\/oferta\/","url":"https:\/\/waldrom.pl\/oferta\/","name":"Nationaler und internationaler Transport FTL\/LTL \u2013 WALDROM (Mielec, Polen &amp; EU)","isPartOf":{"@id":"https:\/\/waldrom.pl\/#website"},"primaryImageOfPage":{"@id":"https:\/\/waldrom.pl\/oferta\/#primaryimage"},"image":{"@id":"https:\/\/waldrom.pl\/oferta\/#primaryimage"},"thumbnailUrl":"https:\/\/waldrom.pl\/wp-content\/uploads\/2025\/09\/architecture-1837176_1920.jpg","datePublished":"2026-01-04T11:00:33+00:00","dateModified":"2026-04-10T07:57:55+00:00","description":"WALDROM: Stra\u00dfentransport, Spedition, FTL\/LTL, Fl\u00fcssig- und ADR-Ladungen. Eigener Fuhrpark: Planenauflieger 13,6 m und L4BH-Tankwagen. 24\/7 Service. Mielec, EU.","breadcrumb":{"@id":"https:\/\/waldrom.pl\/oferta\/#breadcrumb"},"inLanguage":"de","potentialAction":[{"@type":"ReadAction","target":["https:\/\/waldrom.pl\/oferta\/"]}]},{"@type":"ImageObject","inLanguage":"de","@id":"https:\/\/waldrom.pl\/oferta\/#primaryimage","url":"https:\/\/waldrom.pl\/wp-content\/uploads\/2025\/09\/architecture-1837176_1920.jpg","contentUrl":"https:\/\/waldrom.pl\/wp-content\/uploads\/2025\/09\/architecture-1837176_1920.jpg","width":1920,"height":1439},{"@type":"BreadcrumbList","@id":"https:\/\/waldrom.pl\/oferta\/#breadcrumb","itemListElement":[{"@type":"ListItem","position":1,"name":"Home","item":"https:\/\/waldrom.pl\/"},{"@type":"ListItem","position":2,"name":"Oferta"}]},{"@type":"WebSite","@id":"https:\/\/waldrom.pl\/#website","url":"https:\/\/waldrom.pl\/","name":"Waldrom","description":"","potentialAction":[{"@type":"SearchAction","target":{"@type":"EntryPoint","urlTemplate":"https:\/\/waldrom.pl\/?s={search_term_string}"},"query-input":{"@type":"PropertyValueSpecification","valueRequired":true,"valueName":"search_term_string"}}],"inLanguage":"de"}]}},"_links":{"self":[{"href":"https:\/\/waldrom.pl\/de\/wp-json\/wp\/v2\/pages\/677","targetHints":{"allow":["GET"]}}],"collection":[{"href":"https:\/\/waldrom.pl\/de\/wp-json\/wp\/v2\/pages"}],"about":[{"href":"https:\/\/waldrom.pl\/de\/wp-json\/wp\/v2\/types\/page"}],"author":[{"embeddable":true,"href":"https:\/\/waldrom.pl\/de\/wp-json\/wp\/v2\/users\/1"}],"replies":[{"embeddable":true,"href":"https:\/\/waldrom.pl\/de\/wp-json\/wp\/v2\/comments?post=677"}],"version-history":[{"count":52,"href":"https:\/\/waldrom.pl\/de\/wp-json\/wp\/v2\/pages\/677\/revisions"}],"predecessor-version":[{"id":1231,"href":"https:\/\/waldrom.pl\/de\/wp-json\/wp\/v2\/pages\/677\/revisions\/1231"}],"wp:featuredmedia":[{"embeddable":true,"href":"https:\/\/waldrom.pl\/de\/wp-json\/wp\/v2\/media\/407"}],"wp:attachment":[{"href":"https:\/\/waldrom.pl\/de\/wp-json\/wp\/v2\/media?parent=677"}],"curies":[{"name":"wp","href":"https:\/\/api.w.org\/{rel}","templated":true}]}}