{"id":426,"date":"2025-09-16T22:04:43","date_gmt":"2025-09-16T20:04:43","guid":{"rendered":"https:\/\/waldrom.pl\/?page_id=426"},"modified":"2026-03-26T11:02:34","modified_gmt":"2026-03-26T10:02:34","slug":"about-us","status":"publish","type":"page","link":"https:\/\/waldrom.pl\/en\/about-us\/","title":{"rendered":"About us"},"content":{"rendered":"","protected":false},"excerpt":{"rendered":"","protected":false},"author":1,"featured_media":407,"parent":0,"menu_order":0,"comment_status":"closed","ping_status":"closed","template":"","meta":{"footnotes":""},"class_list":["post-426","page","type-page","status-publish","has-post-thumbnail","hentry"],"yoast_head":"<!-- This site is optimized with the Yoast SEO Premium plugin v26.5 (Yoast SEO v26.5) - https:\/\/yoast.com\/wordpress\/plugins\/seo\/ -->\n<title>O nas \u2013 WALDROM | Do\u015bwiadczony Partner Logistyczny od 1993<\/title>\n<meta name=\"description\" content=\"Poznaj WALDROM \u2013 firm\u0119 transportow\u0105 z Mielca dzia\u0142aj\u0105c\u0105 od 1993 roku. Zesp\u00f3\u0142 praktyk\u00f3w TSL, nowoczesny tabor, transport FTL\/LTL i \u0142adunki ADR w Polsce i UE.\" \/>\n<meta name=\"robots\" content=\"index, follow, max-snippet:-1, max-image-preview:large, max-video-preview:-1\" \/>\n<link rel=\"canonical\" href=\"https:\/\/waldrom.pl\/en\/about-us\/\" \/>\n<meta property=\"og:locale\" content=\"en_US\" \/>\n<meta property=\"og:type\" content=\"article\" \/>\n<meta property=\"og:title\" content=\"O nas\" \/>\n<meta property=\"og:description\" content=\"Poznaj WALDROM \u2013 firm\u0119 transportow\u0105 z Mielca dzia\u0142aj\u0105c\u0105 od 1993 roku. Zesp\u00f3\u0142 praktyk\u00f3w TSL, nowoczesny tabor, transport FTL\/LTL i \u0142adunki ADR w Polsce i UE.\" \/>\n<meta property=\"og:url\" content=\"https:\/\/waldrom.pl\/en\/about-us\/\" \/>\n<meta property=\"og:site_name\" content=\"Waldrom\" \/>\n<meta property=\"article:modified_time\" content=\"2026-03-26T10:02:34+00:00\" \/>\n<meta property=\"og:image\" content=\"https:\/\/waldrom.pl\/wp-content\/uploads\/2025\/09\/architecture-1837176_1920.jpg\" \/>\n\t<meta property=\"og:image:width\" content=\"1920\" \/>\n\t<meta property=\"og:image:height\" content=\"1439\" \/>\n\t<meta property=\"og:image:type\" content=\"image\/jpeg\" \/>\n<meta name=\"twitter:card\" content=\"summary_large_image\" \/>\n<script type=\"application\/ld+json\" class=\"yoast-schema-graph\">{\"@context\":\"https:\/\/schema.org\",\"@graph\":[{\"@type\":\"WebPage\",\"@id\":\"https:\/\/waldrom.pl\/o-nas\/\",\"url\":\"https:\/\/waldrom.pl\/o-nas\/\",\"name\":\"O nas \u2013 WALDROM | Do\u015bwiadczony Partner Logistyczny od 1993\",\"isPartOf\":{\"@id\":\"https:\/\/waldrom.pl\/#website\"},\"primaryImageOfPage\":{\"@id\":\"https:\/\/waldrom.pl\/o-nas\/#primaryimage\"},\"image\":{\"@id\":\"https:\/\/waldrom.pl\/o-nas\/#primaryimage\"},\"thumbnailUrl\":\"https:\/\/waldrom.pl\/wp-content\/uploads\/2025\/09\/architecture-1837176_1920.jpg\",\"datePublished\":\"2025-09-16T20:04:43+00:00\",\"dateModified\":\"2026-03-26T10:02:34+00:00\",\"description\":\"Poznaj WALDROM \u2013 firm\u0119 transportow\u0105 z Mielca dzia\u0142aj\u0105c\u0105 od 1993 roku. Zesp\u00f3\u0142 praktyk\u00f3w TSL, nowoczesny tabor, transport FTL\/LTL i \u0142adunki ADR w Polsce i UE.\",\"breadcrumb\":{\"@id\":\"https:\/\/waldrom.pl\/o-nas\/#breadcrumb\"},\"inLanguage\":\"en-US\",\"potentialAction\":[{\"@type\":\"ReadAction\",\"target\":[\"https:\/\/waldrom.pl\/o-nas\/\"]}]},{\"@type\":\"ImageObject\",\"inLanguage\":\"en-US\",\"@id\":\"https:\/\/waldrom.pl\/o-nas\/#primaryimage\",\"url\":\"https:\/\/waldrom.pl\/wp-content\/uploads\/2025\/09\/architecture-1837176_1920.jpg\",\"contentUrl\":\"https:\/\/waldrom.pl\/wp-content\/uploads\/2025\/09\/architecture-1837176_1920.jpg\",\"width\":1920,\"height\":1439},{\"@type\":\"BreadcrumbList\",\"@id\":\"https:\/\/waldrom.pl\/o-nas\/#breadcrumb\",\"itemListElement\":[{\"@type\":\"ListItem\",\"position\":1,\"name\":\"Home\",\"item\":\"https:\/\/waldrom.pl\/\"},{\"@type\":\"ListItem\",\"position\":2,\"name\":\"O nas\"}]},{\"@type\":\"WebSite\",\"@id\":\"https:\/\/waldrom.pl\/#website\",\"url\":\"https:\/\/waldrom.pl\/\",\"name\":\"Waldrom\",\"description\":\"\",\"potentialAction\":[{\"@type\":\"SearchAction\",\"target\":{\"@type\":\"EntryPoint\",\"urlTemplate\":\"https:\/\/waldrom.pl\/?s={search_term_string}\"},\"query-input\":{\"@type\":\"PropertyValueSpecification\",\"valueRequired\":true,\"valueName\":\"search_term_string\"}}],\"inLanguage\":\"en-US\"}]}<\/script>\n<!-- \/ Yoast SEO Premium plugin. -->","yoast_head_json":{"title":"About Us \u2013 WALDROM | Experienced Logistics Partner Since 1993","description":"Poznaj WALDROM \u2013 firm\u0119 transportow\u0105 z Mielca dzia\u0142aj\u0105c\u0105 od 1993 roku. Zesp\u00f3\u0142 praktyk\u00f3w TSL, nowoczesny tabor, transport FTL\/LTL i \u0142adunki ADR w Polsce i UE.","robots":{"index":"index","follow":"follow","max-snippet":"max-snippet:-1","max-image-preview":"max-image-preview:large","max-video-preview":"max-video-preview:-1"},"canonical":"https:\/\/waldrom.pl\/en\/about-us\/","og_locale":"en_US","og_type":"article","og_title":"O nas","og_description":"Poznaj WALDROM \u2013 firm\u0119 transportow\u0105 z Mielca dzia\u0142aj\u0105c\u0105 od 1993 roku. Zesp\u00f3\u0142 praktyk\u00f3w TSL, nowoczesny tabor, transport FTL\/LTL i \u0142adunki ADR w Polsce i UE.","og_url":"https:\/\/waldrom.pl\/en\/about-us\/","og_site_name":"Waldrom","article_modified_time":"2026-03-26T10:02:34+00:00","og_image":[{"width":1920,"height":1439,"url":"https:\/\/waldrom.pl\/wp-content\/uploads\/2025\/09\/architecture-1837176_1920.jpg","type":"image\/jpeg"}],"twitter_card":"summary_large_image","schema":{"@context":"https:\/\/schema.org","@graph":[{"@type":"WebPage","@id":"https:\/\/waldrom.pl\/o-nas\/","url":"https:\/\/waldrom.pl\/o-nas\/","name":"About Us \u2013 WALDROM | Experienced Logistics Partner Since 1993","isPartOf":{"@id":"https:\/\/waldrom.pl\/#website"},"primaryImageOfPage":{"@id":"https:\/\/waldrom.pl\/o-nas\/#primaryimage"},"image":{"@id":"https:\/\/waldrom.pl\/o-nas\/#primaryimage"},"thumbnailUrl":"https:\/\/waldrom.pl\/wp-content\/uploads\/2025\/09\/architecture-1837176_1920.jpg","datePublished":"2025-09-16T20:04:43+00:00","dateModified":"2026-03-26T10:02:34+00:00","description":"Poznaj WALDROM \u2013 firm\u0119 transportow\u0105 z Mielca dzia\u0142aj\u0105c\u0105 od 1993 roku. Zesp\u00f3\u0142 praktyk\u00f3w TSL, nowoczesny tabor, transport FTL\/LTL i \u0142adunki ADR w Polsce i UE.","breadcrumb":{"@id":"https:\/\/waldrom.pl\/o-nas\/#breadcrumb"},"inLanguage":"en-US","potentialAction":[{"@type":"ReadAction","target":["https:\/\/waldrom.pl\/o-nas\/"]}]},{"@type":"ImageObject","inLanguage":"en-US","@id":"https:\/\/waldrom.pl\/o-nas\/#primaryimage","url":"https:\/\/waldrom.pl\/wp-content\/uploads\/2025\/09\/architecture-1837176_1920.jpg","contentUrl":"https:\/\/waldrom.pl\/wp-content\/uploads\/2025\/09\/architecture-1837176_1920.jpg","width":1920,"height":1439},{"@type":"BreadcrumbList","@id":"https:\/\/waldrom.pl\/o-nas\/#breadcrumb","itemListElement":[{"@type":"ListItem","position":1,"name":"Home","item":"https:\/\/waldrom.pl\/"},{"@type":"ListItem","position":2,"name":"O nas"}]},{"@type":"WebSite","@id":"https:\/\/waldrom.pl\/#website","url":"https:\/\/waldrom.pl\/","name":"Waldrom","description":"","potentialAction":[{"@type":"SearchAction","target":{"@type":"EntryPoint","urlTemplate":"https:\/\/waldrom.pl\/?s={search_term_string}"},"query-input":{"@type":"PropertyValueSpecification","valueRequired":true,"valueName":"search_term_string"}}],"inLanguage":"en-US"}]}},"_links":{"self":[{"href":"https:\/\/waldrom.pl\/en\/wp-json\/wp\/v2\/pages\/426","targetHints":{"allow":["GET"]}}],"collection":[{"href":"https:\/\/waldrom.pl\/en\/wp-json\/wp\/v2\/pages"}],"about":[{"href":"https:\/\/waldrom.pl\/en\/wp-json\/wp\/v2\/types\/page"}],"author":[{"embeddable":true,"href":"https:\/\/waldrom.pl\/en\/wp-json\/wp\/v2\/users\/1"}],"replies":[{"embeddable":true,"href":"https:\/\/waldrom.pl\/en\/wp-json\/wp\/v2\/comments?post=426"}],"version-history":[{"count":99,"href":"https:\/\/waldrom.pl\/en\/wp-json\/wp\/v2\/pages\/426\/revisions"}],"predecessor-version":[{"id":1135,"href":"https:\/\/waldrom.pl\/en\/wp-json\/wp\/v2\/pages\/426\/revisions\/1135"}],"wp:featuredmedia":[{"embeddable":true,"href":"https:\/\/waldrom.pl\/en\/wp-json\/wp\/v2\/media\/407"}],"wp:attachment":[{"href":"https:\/\/waldrom.pl\/en\/wp-json\/wp\/v2\/media?parent=426"}],"curies":[{"name":"wp","href":"https:\/\/api.w.org\/{rel}","templated":true}]}}